{"id":399,"date":"2021-04-06T17:46:30","date_gmt":"2021-04-06T17:46:30","guid":{"rendered":"https:\/\/www.kitzinger-pelze.de\/?page_id=399"},"modified":"2025-02-05T12:05:49","modified_gmt":"2025-02-05T12:05:49","slug":"startseite","status":"publish","type":"page","link":"https:\/\/kitzinger-pelze.de\/","title":{"rendered":"Startseite"},"content":{"rendered":"\n<h2 class=\"wp-block-heading has-text-align-center\">Ihre Manufaktur f\u00fcr Pelzmode &#8211; Pelze &#8211; Lammfell<\/h2>\n\n\n\n<p><span class=\"has-inline-color has-white-color\">&#8211;<\/span><\/p>\n\n\n\n<hr class=\"wp-block-separator has-css-opacity alignwide is-style-wide\"\/>\n\n\n<div class=\"wp-block-image is-style-rounded\">\n<figure class=\"aligncenter size-large\"><img loading=\"lazy\" decoding=\"async\" width=\"820\" height=\"318\" src=\"https:\/\/www.kitzinger-pelze.de\/wp-content\/uploads\/2021\/04\/P1000993.JPG-Header.jpg\" alt=\"www.Kitzinger-Pelze.de\" class=\"wp-image-404\" srcset=\"https:\/\/kitzinger-pelze.de\/wp-content\/uploads\/2021\/04\/P1000993.JPG-Header.jpg 820w, https:\/\/kitzinger-pelze.de\/wp-content\/uploads\/2021\/04\/P1000993.JPG-Header-300x116.jpg 300w, https:\/\/kitzinger-pelze.de\/wp-content\/uploads\/2021\/04\/P1000993.JPG-Header-768x298.jpg 768w\" sizes=\"auto, (max-width: 820px) 100vw, 820px\" \/><\/figure>\n<\/div>\n\n\n<p class=\"has-text-align-center\">Verehrte Kundin, verehrter Kunde,<\/p>\n\n\n\n<p class=\"has-text-align-center\">wir freuen uns sehr, Sie auf unserer Website begr\u00fc\u00dfen zu d\u00fcrfen.<\/p>\n\n\n\n<p class=\"has-text-align-center\">Zu unserer vielf\u00e4ltigen Auswahl an Fellen geh\u00f6ren z. B. Toscana-Lammfell,<br>Lammfell, Fuchsfell (Blaufuchs, Silberfuchs, Rotfuchs, Shadowfuchs) oder Nerzfell.<\/p>\n\n\n\n<p class=\"has-text-align-center\">Unser Pelzhandel hat eine gro\u00dfe Auswahl an echten Fellen und Pelzwaren auf Lager:<br>Pelzm\u00e4ntel &#8211; Pelzjacken &#8211; Nerzm\u00e4ntel &#8211; Nerzjacken &#8211; Modische Pelze &#8211; Felldecken<br>und vieles mehr.&nbsp;<\/p>\n\n\n\n<p class=\"has-text-align-center\">Unser Lammfell-Sortiment umfasst:<br>Toscana-Lammfell &#8211; Lammfelljacken &#8211; Lammfellm\u00e4ntel &#8211; Lammfell-Westen<br>Baby-Lammfell &#8211; Lammfell-Decken in diversen Farben und Ausf\u00fchrungen.<\/p>\n\n\n\n<p class=\"has-text-align-center\">Eine Auswahl unserer Produkte finden Sie unter Fellhandel und Pelzwaren.<\/p>\n\n\n\n<p class=\"has-text-align-center\">Nehmen Sie Kontakt mit uns auf!<\/p>\n","protected":false},"excerpt":{"rendered":"<p>Ihre Manufaktur f\u00fcr Pelzmode &#8211; Pelze &#8211; Lammfell &#8211; Verehrte Kundin, verehrter Kunde, wir freuen uns sehr, Sie auf unserer Website begr\u00fc\u00dfen zu d\u00fcrfen. Zu unserer vielf\u00e4ltigen Auswahl an Fellen geh\u00f6ren z. B. Toscana-Lammfell,Lammfell, Fuchsfell (Blaufuchs, Silberfuchs, Rotfuchs, Shadowfuchs) oder Nerzfell. Unser Pelzhandel hat eine gro\u00dfe Auswahl an echten Fellen und Pelzwaren auf Lager:Pelzm\u00e4ntel &#8211; [&hellip;]<\/p>\n","protected":false},"author":1,"featured_media":0,"parent":0,"menu_order":0,"comment_status":"closed","ping_status":"closed","template":"","meta":{"footnotes":""},"class_list":["post-399","page","type-page","status-publish","hentry"],"_links":{"self":[{"href":"https:\/\/kitzinger-pelze.de\/index.php?rest_route=\/wp\/v2\/pages\/399","targetHints":{"allow":["GET"]}}],"collection":[{"href":"https:\/\/kitzinger-pelze.de\/index.php?rest_route=\/wp\/v2\/pages"}],"about":[{"href":"https:\/\/kitzinger-pelze.de\/index.php?rest_route=\/wp\/v2\/types\/page"}],"author":[{"embeddable":true,"href":"https:\/\/kitzinger-pelze.de\/index.php?rest_route=\/wp\/v2\/users\/1"}],"replies":[{"embeddable":true,"href":"https:\/\/kitzinger-pelze.de\/index.php?rest_route=%2Fwp%2Fv2%2Fcomments&post=399"}],"version-history":[{"count":12,"href":"https:\/\/kitzinger-pelze.de\/index.php?rest_route=\/wp\/v2\/pages\/399\/revisions"}],"predecessor-version":[{"id":519,"href":"https:\/\/kitzinger-pelze.de\/index.php?rest_route=\/wp\/v2\/pages\/399\/revisions\/519"}],"wp:attachment":[{"href":"https:\/\/kitzinger-pelze.de\/index.php?rest_route=%2Fwp%2Fv2%2Fmedia&parent=399"}],"curies":[{"name":"wp","href":"https:\/\/api.w.org\/{rel}","templated":true}]}}